{"id":232,"date":"2016-09-30T11:31:01","date_gmt":"2016-09-30T09:31:01","guid":{"rendered":"http:\/\/bitcoin-puglia.org\/?page_id=232"},"modified":"2019-10-24T19:05:04","modified_gmt":"2019-10-24T18:05:04","slug":"partnership","status":"publish","type":"page","link":"https:\/\/bitcoin-puglia.org\/?page_id=232","title":{"rendered":"Partnership"},"content":{"rendered":"<p>La nostra associazione si muove in sintonia con altre importanti realt\u00e0 che ne condividono gli scopi e vogliono contribuire allo sviluppo del bitcoin e delle applicazioni innovative della blockchain.<\/p>\n\n\n<div class=\"wp-container-3 wp-block-columns has-2-columns\">\n<div class=\"wp-container-1 wp-block-column\">\n<div class=\"wp-block-image\"><figure class=\"aligncenter\"><a href=\"https:\/\/www.uniba.it\/\" target=\"_blank\" rel=\"noreferrer noopener\"><img width=\"300\" height=\"152\" src=\"data:image\/gif;base64,R0lGODlhAQABAIAAAAAAAP\/\/\/yH5BAEAAAAALAAAAAABAAEAAAIBRAA7\" data-src=\"http:\/\/bitcoin-puglia.org\/wp-content\/uploads\/2019\/07\/UNIBA-300x152.png\" alt=\"\" class=\"wp-image-991 lazyload\" data-srcset=\"https:\/\/bitcoin-puglia.org\/wp-content\/uploads\/2019\/07\/UNIBA-300x152.png 300w, https:\/\/bitcoin-puglia.org\/wp-content\/uploads\/2019\/07\/UNIBA-250x127.png 250w, https:\/\/bitcoin-puglia.org\/wp-content\/uploads\/2019\/07\/UNIBA-150x76.png 150w, https:\/\/bitcoin-puglia.org\/wp-content\/uploads\/2019\/07\/UNIBA-314x160.png 314w, https:\/\/bitcoin-puglia.org\/wp-content\/uploads\/2019\/07\/UNIBA.png 316w\" sizes=\"(max-width: 300px) 100vw, 300px\" \/><noscript><img width=\"300\" height=\"152\" src=\"http:\/\/bitcoin-puglia.org\/wp-content\/uploads\/2019\/07\/UNIBA-300x152.png\" alt=\"\" class=\"wp-image-991 lazyload\" srcset=\"https:\/\/bitcoin-puglia.org\/wp-content\/uploads\/2019\/07\/UNIBA-300x152.png 300w, https:\/\/bitcoin-puglia.org\/wp-content\/uploads\/2019\/07\/UNIBA-250x127.png 250w, https:\/\/bitcoin-puglia.org\/wp-content\/uploads\/2019\/07\/UNIBA-150x76.png 150w, https:\/\/bitcoin-puglia.org\/wp-content\/uploads\/2019\/07\/UNIBA-314x160.png 314w, https:\/\/bitcoin-puglia.org\/wp-content\/uploads\/2019\/07\/UNIBA.png 316w\" sizes=\"(max-width: 300px) 100vw, 300px\" \/><\/noscript><\/a><figcaption> <strong>L&#8217;Universit\u00e0 degli Studi di Bari<\/strong>, per averci consentito di organizzare il primo <strong>Short Master in Italia su <a href=\"http:\/\/bitcoin-puglia.org\/short-master\/\">Bitcoin e Criptovalute<\/a>.<\/strong> <\/figcaption><\/figure><\/div>\n\n\n\n<div class=\"wp-block-image\"><figure class=\"aligncenter is-resized\"><a href=\"https:\/\/aulab.it\/\" target=\"_blank\" rel=\"noreferrer noopener\"><img src=\"data:image\/gif;base64,R0lGODlhAQABAIAAAAAAAP\/\/\/yH5BAEAAAAALAAAAAABAAEAAAIBRAA7\" data-src=\"http:\/\/bitcoin-puglia.org\/wp-content\/uploads\/2019\/07\/AULAB-300x68.png\" alt=\"\" class=\"wp-image-993 lazyload\" width=\"272\" height=\"61\" data-srcset=\"https:\/\/bitcoin-puglia.org\/wp-content\/uploads\/2019\/07\/AULAB-300x68.png 300w, https:\/\/bitcoin-puglia.org\/wp-content\/uploads\/2019\/07\/AULAB-250x57.png 250w, https:\/\/bitcoin-puglia.org\/wp-content\/uploads\/2019\/07\/AULAB-150x34.png 150w, https:\/\/bitcoin-puglia.org\/wp-content\/uploads\/2019\/07\/AULAB.png 473w\" sizes=\"(max-width: 272px) 100vw, 272px\" \/><noscript><img src=\"http:\/\/bitcoin-puglia.org\/wp-content\/uploads\/2019\/07\/AULAB-300x68.png\" alt=\"\" class=\"wp-image-993 lazyload\" width=\"272\" height=\"61\" srcset=\"https:\/\/bitcoin-puglia.org\/wp-content\/uploads\/2019\/07\/AULAB-300x68.png 300w, https:\/\/bitcoin-puglia.org\/wp-content\/uploads\/2019\/07\/AULAB-250x57.png 250w, https:\/\/bitcoin-puglia.org\/wp-content\/uploads\/2019\/07\/AULAB-150x34.png 150w, https:\/\/bitcoin-puglia.org\/wp-content\/uploads\/2019\/07\/AULAB.png 473w\" sizes=\"(max-width: 272px) 100vw, 272px\" \/><\/noscript><\/a><figcaption> auLAB \u00e8 la&nbsp;<strong>Digital Factory<\/strong>&nbsp;che offre prodotti e&nbsp;<strong>servizi agli studenti, alle scuole e alle imprese<\/strong>&nbsp;riguardanti la produzione, lo sviluppo e la commercializzazione di applicativi innovativi ad alto valore tecnologico. \u00c8 uno&nbsp;<strong>spazio di coworking<\/strong>, incubazione e&nbsp;<strong>accelerazione di startup<\/strong>. <\/figcaption><\/figure><\/div>\n\n\n\n<div class=\"wp-block-image\"><figure class=\"aligncenter\"><a href=\"http:\/\/www.developing.it\/\" target=\"_blank\" rel=\"noreferrer noopener\"><img width=\"300\" height=\"70\" src=\"data:image\/gif;base64,R0lGODlhAQABAIAAAAAAAP\/\/\/yH5BAEAAAAALAAAAAABAAEAAAIBRAA7\" data-src=\"http:\/\/bitcoin-puglia.org\/wp-content\/uploads\/2019\/07\/develoging.it_-300x70.png\" alt=\"\" class=\"wp-image-995 lazyload\" data-srcset=\"https:\/\/bitcoin-puglia.org\/wp-content\/uploads\/2019\/07\/develoging.it_-300x70.png 300w, https:\/\/bitcoin-puglia.org\/wp-content\/uploads\/2019\/07\/develoging.it_-768x180.png 768w, https:\/\/bitcoin-puglia.org\/wp-content\/uploads\/2019\/07\/develoging.it_-250x59.png 250w, https:\/\/bitcoin-puglia.org\/wp-content\/uploads\/2019\/07\/develoging.it_-150x35.png 150w, https:\/\/bitcoin-puglia.org\/wp-content\/uploads\/2019\/07\/develoging.it_.png 830w\" sizes=\"(max-width: 300px) 100vw, 300px\" \/><noscript><img width=\"300\" height=\"70\" src=\"http:\/\/bitcoin-puglia.org\/wp-content\/uploads\/2019\/07\/develoging.it_-300x70.png\" alt=\"\" class=\"wp-image-995 lazyload\" srcset=\"https:\/\/bitcoin-puglia.org\/wp-content\/uploads\/2019\/07\/develoging.it_-300x70.png 300w, https:\/\/bitcoin-puglia.org\/wp-content\/uploads\/2019\/07\/develoging.it_-768x180.png 768w, https:\/\/bitcoin-puglia.org\/wp-content\/uploads\/2019\/07\/develoging.it_-250x59.png 250w, https:\/\/bitcoin-puglia.org\/wp-content\/uploads\/2019\/07\/develoging.it_-150x35.png 150w, https:\/\/bitcoin-puglia.org\/wp-content\/uploads\/2019\/07\/develoging.it_.png 830w\" sizes=\"(max-width: 300px) 100vw, 300px\" \/><\/noscript><\/a><figcaption>  per il prezioso supporto nella <br>preparazione delle grafiche   <\/figcaption><\/figure><\/div>\n<\/div>\n\n\n\n<div class=\"wp-container-2 wp-block-column\">\n<div class=\"wp-block-image\"><figure class=\"aligncenter\"><a href=\"https:\/\/www.blockchainedu.net\/\" target=\"_blank\" rel=\"noreferrer noopener\"><img width=\"300\" height=\"100\" src=\"data:image\/gif;base64,R0lGODlhAQABAIAAAAAAAP\/\/\/yH5BAEAAAAALAAAAAABAAEAAAIBRAA7\" data-src=\"http:\/\/bitcoin-puglia.org\/wp-content\/uploads\/2019\/07\/BEN-300x100.png\" alt=\"\" class=\"wp-image-992 lazyload\" data-srcset=\"https:\/\/bitcoin-puglia.org\/wp-content\/uploads\/2019\/07\/BEN-300x100.png 300w, https:\/\/bitcoin-puglia.org\/wp-content\/uploads\/2019\/07\/BEN-768x256.png 768w, https:\/\/bitcoin-puglia.org\/wp-content\/uploads\/2019\/07\/BEN-250x83.png 250w, https:\/\/bitcoin-puglia.org\/wp-content\/uploads\/2019\/07\/BEN-150x50.png 150w, https:\/\/bitcoin-puglia.org\/wp-content\/uploads\/2019\/07\/BEN.png 800w\" sizes=\"(max-width: 300px) 100vw, 300px\" \/><noscript><img width=\"300\" height=\"100\" src=\"http:\/\/bitcoin-puglia.org\/wp-content\/uploads\/2019\/07\/BEN-300x100.png\" alt=\"\" class=\"wp-image-992 lazyload\" srcset=\"https:\/\/bitcoin-puglia.org\/wp-content\/uploads\/2019\/07\/BEN-300x100.png 300w, https:\/\/bitcoin-puglia.org\/wp-content\/uploads\/2019\/07\/BEN-768x256.png 768w, https:\/\/bitcoin-puglia.org\/wp-content\/uploads\/2019\/07\/BEN-250x83.png 250w, https:\/\/bitcoin-puglia.org\/wp-content\/uploads\/2019\/07\/BEN-150x50.png 150w, https:\/\/bitcoin-puglia.org\/wp-content\/uploads\/2019\/07\/BEN.png 800w\" sizes=\"(max-width: 300px) 100vw, 300px\" \/><\/noscript><\/a><figcaption> BEN Italia nasce nel 2014 ed ha come scopo la diffusione della conoscenza sul Bitcoin e sulla Blockchain attraverso l\u2019educazione, lo sviluppo di progetti e la continua sperimentazione delle nuove applicazioni basate su queste tecnologie.  <\/figcaption><\/figure><\/div>\n\n\n\n<figure class=\"wp-block-image\"><a href=\"https:\/\/associazioneculturadigitale.org\/\" target=\"_blank\" rel=\"noreferrer noopener\"><img width=\"500\" height=\"183\" src=\"data:image\/gif;base64,R0lGODlhAQABAIAAAAAAAP\/\/\/yH5BAEAAAAALAAAAAABAAEAAAIBRAA7\" data-src=\"http:\/\/bitcoin-puglia.org\/wp-content\/uploads\/2019\/08\/logo-cd-e1566939204141.jpg\" alt=\"\" class=\"wp-image-1029 lazyload\" data-srcset=\"https:\/\/bitcoin-puglia.org\/wp-content\/uploads\/2019\/08\/logo-cd-e1566939204141.jpg 500w, https:\/\/bitcoin-puglia.org\/wp-content\/uploads\/2019\/08\/logo-cd-e1566939204141-300x110.jpg 300w, https:\/\/bitcoin-puglia.org\/wp-content\/uploads\/2019\/08\/logo-cd-e1566939204141-250x92.jpg 250w, https:\/\/bitcoin-puglia.org\/wp-content\/uploads\/2019\/08\/logo-cd-e1566939204141-150x55.jpg 150w\" sizes=\"(max-width: 500px) 100vw, 500px\" \/><noscript><img width=\"500\" height=\"183\" src=\"http:\/\/bitcoin-puglia.org\/wp-content\/uploads\/2019\/08\/logo-cd-e1566939204141.jpg\" alt=\"\" class=\"wp-image-1029 lazyload\" srcset=\"https:\/\/bitcoin-puglia.org\/wp-content\/uploads\/2019\/08\/logo-cd-e1566939204141.jpg 500w, https:\/\/bitcoin-puglia.org\/wp-content\/uploads\/2019\/08\/logo-cd-e1566939204141-300x110.jpg 300w, https:\/\/bitcoin-puglia.org\/wp-content\/uploads\/2019\/08\/logo-cd-e1566939204141-250x92.jpg 250w, https:\/\/bitcoin-puglia.org\/wp-content\/uploads\/2019\/08\/logo-cd-e1566939204141-150x55.jpg 150w\" sizes=\"(max-width: 500px) 100vw, 500px\" \/><\/noscript><\/a><figcaption> Associazione Cultura Digitale collabora con persone, professionalit\u00e0, amministrazioni, enti, aziende, progetti benefici e idee innovative. Attraverso l&#8217;attivit\u00e0 associativa offre un punto di contatto tra le necessit\u00e0 degli associati e le loro relative soluzioni. <\/figcaption><\/figure>\n\n\n\n<div class=\"wp-block-image\"><figure class=\"aligncenter\"><a href=\"https:\/\/identikeat.com\/\" target=\"_blank\" rel=\"noreferrer noopener\"><img width=\"184\" height=\"37\" src=\"data:image\/gif;base64,R0lGODlhAQABAIAAAAAAAP\/\/\/yH5BAEAAAAALAAAAAABAAEAAAIBRAA7\" data-src=\"http:\/\/bitcoin-puglia.org\/wp-content\/uploads\/2019\/08\/identikeat-logo-color-1.png\" alt=\"\" class=\"wp-image-1045 lazyload\" data-srcset=\"https:\/\/bitcoin-puglia.org\/wp-content\/uploads\/2019\/08\/identikeat-logo-color-1.png 184w, https:\/\/bitcoin-puglia.org\/wp-content\/uploads\/2019\/08\/identikeat-logo-color-1-150x30.png 150w\" sizes=\"(max-width: 184px) 100vw, 184px\" \/><noscript><img width=\"184\" height=\"37\" src=\"http:\/\/bitcoin-puglia.org\/wp-content\/uploads\/2019\/08\/identikeat-logo-color-1.png\" alt=\"\" class=\"wp-image-1045 lazyload\" srcset=\"https:\/\/bitcoin-puglia.org\/wp-content\/uploads\/2019\/08\/identikeat-logo-color-1.png 184w, https:\/\/bitcoin-puglia.org\/wp-content\/uploads\/2019\/08\/identikeat-logo-color-1-150x30.png 150w\" sizes=\"(max-width: 184px) 100vw, 184px\" \/><\/noscript><\/a><figcaption>IdentikEat \u00e8 lo strumento che permette ai produttori di produrre etichette trasparenti, capaci di autenticare e garantire le qualit\u00e0 per un consumo conscio<\/figcaption><\/figure><\/div>\n<\/div>\n<\/div>\n","protected":false},"excerpt":{"rendered":"<p>La nostra associazione si muove in sintonia con altre importanti realt\u00e0 che ne condividono gli scopi e vogliono contribuire allo sviluppo del bitcoin e delle applicazioni innovative della blockchain. <a class=\"continue-reading-link\" href=\"https:\/\/bitcoin-puglia.org\/?page_id=232\">LEGGI<\/a><\/p>\n","protected":false},"author":1,"featured_media":0,"parent":0,"menu_order":0,"comment_status":"closed","ping_status":"closed","template":"","meta":{"_monsterinsights_skip_tracking":false,"_monsterinsights_sitenote_active":false,"_monsterinsights_sitenote_note":"","_monsterinsights_sitenote_category":0},"yoast_head":"<!-- This site is optimized with the Yoast SEO plugin v19.2 - https:\/\/yoast.com\/wordpress\/plugins\/seo\/ -->\n<title>Partnership - Bitcoin Foundation Puglia<\/title>\n<meta name=\"robots\" content=\"index, follow, max-snippet:-1, max-image-preview:large, max-video-preview:-1\" \/>\n<link rel=\"canonical\" href=\"https:\/\/bitcoin-puglia.org\/?page_id=232\" \/>\n<meta property=\"og:locale\" content=\"it_IT\" \/>\n<meta property=\"og:type\" content=\"article\" \/>\n<meta property=\"og:title\" content=\"Partnership - Bitcoin Foundation Puglia\" \/>\n<meta property=\"og:description\" content=\"La nostra associazione si muove in sintonia con altre importanti realt\u00e0 che ne condividono gli scopi e vogliono contribuire allo sviluppo del bitcoin e delle applicazioni innovative della blockchain. LEGGI\" \/>\n<meta property=\"og:url\" content=\"https:\/\/bitcoin-puglia.org\/?page_id=232\" \/>\n<meta property=\"og:site_name\" content=\"Bitcoin Foundation Puglia\" \/>\n<meta property=\"article:publisher\" content=\"https:\/\/www.facebook.com\/BitcoinFoundationPuglia\/\" \/>\n<meta property=\"article:modified_time\" content=\"2019-10-24T18:05:04+00:00\" \/>\n<meta property=\"og:image\" content=\"http:\/\/bitcoin-puglia.org\/wp-content\/uploads\/2019\/07\/UNIBA-300x152.png\" \/>\n<meta name=\"author\" content=\"admin\" \/>\n<meta name=\"twitter:card\" content=\"summary\" \/>\n<meta name=\"twitter:site\" content=\"@BtcPuglia\" \/>\n<meta name=\"twitter:label1\" content=\"Tempo di lettura stimato\" \/>\n\t<meta name=\"twitter:data1\" content=\"1 minuto\" \/>\n<script type=\"application\/ld+json\" class=\"yoast-schema-graph\">{\"@context\":\"https:\/\/schema.org\",\"@graph\":[{\"@type\":\"Organization\",\"@id\":\"https:\/\/bitcoin-puglia.org\/#organization\",\"name\":\"Bitcoin Foundation Puglia\",\"url\":\"https:\/\/bitcoin-puglia.org\/\",\"sameAs\":[\"https:\/\/www.facebook.com\/BitcoinFoundationPuglia\/\",\"https:\/\/twitter.com\/BtcPuglia\"],\"logo\":{\"@type\":\"ImageObject\",\"inLanguage\":\"it-IT\",\"@id\":\"https:\/\/bitcoin-puglia.org\/#\/schema\/logo\/image\/\",\"url\":\"http:\/\/bitcoin-puglia.org\/wp-content\/uploads\/2019\/06\/logo-bfp.jpg\",\"contentUrl\":\"http:\/\/bitcoin-puglia.org\/wp-content\/uploads\/2019\/06\/logo-bfp.jpg\",\"width\":1916,\"height\":693,\"caption\":\"Bitcoin Foundation Puglia\"},\"image\":{\"@id\":\"https:\/\/bitcoin-puglia.org\/#\/schema\/logo\/image\/\"}},{\"@type\":\"WebSite\",\"@id\":\"https:\/\/bitcoin-puglia.org\/#website\",\"url\":\"https:\/\/bitcoin-puglia.org\/\",\"name\":\"Bitcoin Foundation Puglia\",\"description\":\"\",\"publisher\":{\"@id\":\"https:\/\/bitcoin-puglia.org\/#organization\"},\"potentialAction\":[{\"@type\":\"SearchAction\",\"target\":{\"@type\":\"EntryPoint\",\"urlTemplate\":\"https:\/\/bitcoin-puglia.org\/?s={search_term_string}\"},\"query-input\":\"required name=search_term_string\"}],\"inLanguage\":\"it-IT\"},{\"@type\":\"ImageObject\",\"inLanguage\":\"it-IT\",\"@id\":\"https:\/\/bitcoin-puglia.org\/?page_id=232#primaryimage\",\"url\":\"https:\/\/bitcoin-puglia.org\/wp-content\/uploads\/2019\/07\/UNIBA.png\",\"contentUrl\":\"https:\/\/bitcoin-puglia.org\/wp-content\/uploads\/2019\/07\/UNIBA.png\",\"width\":316,\"height\":160},{\"@type\":\"WebPage\",\"@id\":\"https:\/\/bitcoin-puglia.org\/?page_id=232#webpage\",\"url\":\"https:\/\/bitcoin-puglia.org\/?page_id=232\",\"name\":\"Partnership - Bitcoin Foundation Puglia\",\"isPartOf\":{\"@id\":\"https:\/\/bitcoin-puglia.org\/#website\"},\"primaryImageOfPage\":{\"@id\":\"https:\/\/bitcoin-puglia.org\/?page_id=232#primaryimage\"},\"datePublished\":\"2016-09-30T09:31:01+00:00\",\"dateModified\":\"2019-10-24T18:05:04+00:00\",\"breadcrumb\":{\"@id\":\"https:\/\/bitcoin-puglia.org\/?page_id=232#breadcrumb\"},\"inLanguage\":\"it-IT\",\"potentialAction\":[{\"@type\":\"ReadAction\",\"target\":[\"https:\/\/bitcoin-puglia.org\/?page_id=232\"]}]},{\"@type\":\"BreadcrumbList\",\"@id\":\"https:\/\/bitcoin-puglia.org\/?page_id=232#breadcrumb\",\"itemListElement\":[{\"@type\":\"ListItem\",\"position\":1,\"name\":\"Home\",\"item\":\"https:\/\/bitcoin-puglia.org\/\"},{\"@type\":\"ListItem\",\"position\":2,\"name\":\"Partnership\"}]}]}<\/script>\n<!-- \/ Yoast SEO plugin. -->","yoast_head_json":{"title":"Partnership - Bitcoin Foundation Puglia","robots":{"index":"index","follow":"follow","max-snippet":"max-snippet:-1","max-image-preview":"max-image-preview:large","max-video-preview":"max-video-preview:-1"},"canonical":"https:\/\/bitcoin-puglia.org\/?page_id=232","og_locale":"it_IT","og_type":"article","og_title":"Partnership - Bitcoin Foundation Puglia","og_description":"La nostra associazione si muove in sintonia con altre importanti realt\u00e0 che ne condividono gli scopi e vogliono contribuire allo sviluppo del bitcoin e delle applicazioni innovative della blockchain. LEGGI","og_url":"https:\/\/bitcoin-puglia.org\/?page_id=232","og_site_name":"Bitcoin Foundation Puglia","article_publisher":"https:\/\/www.facebook.com\/BitcoinFoundationPuglia\/","article_modified_time":"2019-10-24T18:05:04+00:00","og_image":[{"url":"http:\/\/bitcoin-puglia.org\/wp-content\/uploads\/2019\/07\/UNIBA-300x152.png"}],"author":"admin","twitter_card":"summary","twitter_site":"@BtcPuglia","twitter_misc":{"Tempo di lettura stimato":"1 minuto"},"schema":{"@context":"https:\/\/schema.org","@graph":[{"@type":"Organization","@id":"https:\/\/bitcoin-puglia.org\/#organization","name":"Bitcoin Foundation Puglia","url":"https:\/\/bitcoin-puglia.org\/","sameAs":["https:\/\/www.facebook.com\/BitcoinFoundationPuglia\/","https:\/\/twitter.com\/BtcPuglia"],"logo":{"@type":"ImageObject","inLanguage":"it-IT","@id":"https:\/\/bitcoin-puglia.org\/#\/schema\/logo\/image\/","url":"http:\/\/bitcoin-puglia.org\/wp-content\/uploads\/2019\/06\/logo-bfp.jpg","contentUrl":"http:\/\/bitcoin-puglia.org\/wp-content\/uploads\/2019\/06\/logo-bfp.jpg","width":1916,"height":693,"caption":"Bitcoin Foundation Puglia"},"image":{"@id":"https:\/\/bitcoin-puglia.org\/#\/schema\/logo\/image\/"}},{"@type":"WebSite","@id":"https:\/\/bitcoin-puglia.org\/#website","url":"https:\/\/bitcoin-puglia.org\/","name":"Bitcoin Foundation Puglia","description":"","publisher":{"@id":"https:\/\/bitcoin-puglia.org\/#organization"},"potentialAction":[{"@type":"SearchAction","target":{"@type":"EntryPoint","urlTemplate":"https:\/\/bitcoin-puglia.org\/?s={search_term_string}"},"query-input":"required name=search_term_string"}],"inLanguage":"it-IT"},{"@type":"ImageObject","inLanguage":"it-IT","@id":"https:\/\/bitcoin-puglia.org\/?page_id=232#primaryimage","url":"https:\/\/bitcoin-puglia.org\/wp-content\/uploads\/2019\/07\/UNIBA.png","contentUrl":"https:\/\/bitcoin-puglia.org\/wp-content\/uploads\/2019\/07\/UNIBA.png","width":316,"height":160},{"@type":"WebPage","@id":"https:\/\/bitcoin-puglia.org\/?page_id=232#webpage","url":"https:\/\/bitcoin-puglia.org\/?page_id=232","name":"Partnership - Bitcoin Foundation Puglia","isPartOf":{"@id":"https:\/\/bitcoin-puglia.org\/#website"},"primaryImageOfPage":{"@id":"https:\/\/bitcoin-puglia.org\/?page_id=232#primaryimage"},"datePublished":"2016-09-30T09:31:01+00:00","dateModified":"2019-10-24T18:05:04+00:00","breadcrumb":{"@id":"https:\/\/bitcoin-puglia.org\/?page_id=232#breadcrumb"},"inLanguage":"it-IT","potentialAction":[{"@type":"ReadAction","target":["https:\/\/bitcoin-puglia.org\/?page_id=232"]}]},{"@type":"BreadcrumbList","@id":"https:\/\/bitcoin-puglia.org\/?page_id=232#breadcrumb","itemListElement":[{"@type":"ListItem","position":1,"name":"Home","item":"https:\/\/bitcoin-puglia.org\/"},{"@type":"ListItem","position":2,"name":"Partnership"}]}]}},"_links":{"self":[{"href":"https:\/\/bitcoin-puglia.org\/index.php?rest_route=\/wp\/v2\/pages\/232"}],"collection":[{"href":"https:\/\/bitcoin-puglia.org\/index.php?rest_route=\/wp\/v2\/pages"}],"about":[{"href":"https:\/\/bitcoin-puglia.org\/index.php?rest_route=\/wp\/v2\/types\/page"}],"author":[{"embeddable":true,"href":"https:\/\/bitcoin-puglia.org\/index.php?rest_route=\/wp\/v2\/users\/1"}],"replies":[{"embeddable":true,"href":"https:\/\/bitcoin-puglia.org\/index.php?rest_route=%2Fwp%2Fv2%2Fcomments&post=232"}],"version-history":[{"count":0,"href":"https:\/\/bitcoin-puglia.org\/index.php?rest_route=\/wp\/v2\/pages\/232\/revisions"}],"wp:attachment":[{"href":"https:\/\/bitcoin-puglia.org\/index.php?rest_route=%2Fwp%2Fv2%2Fmedia&parent=232"}],"curies":[{"name":"wp","href":"https:\/\/api.w.org\/{rel}","templated":true}]}}