{"id":273,"date":"2016-10-13T19:51:40","date_gmt":"2016-10-13T17:51:40","guid":{"rendered":"http:\/\/bitcoin-puglia.org\/?page_id=273"},"modified":"2019-10-24T19:08:25","modified_gmt":"2019-10-24T18:08:25","slug":"iscrizione-e-donazioni","status":"publish","type":"page","link":"http:\/\/bitcoin-puglia.org\/?page_id=273","title":{"rendered":"Iscrizione e Donazioni"},"content":{"rendered":"<p><img class=\"alignright wp-image-972 size-medium lazyload\" title=\"scansiona il QrCode per effettuare una donazione in Bitcoin\" src=\"data:image\/gif;base64,R0lGODlhAQABAIAAAAAAAP\/\/\/yH5BAEAAAAALAAAAAABAAEAAAIBRAA7\" data-src=\"http:\/\/bitcoin-puglia.org\/wp-content\/uploads\/2019\/06\/frame-231x300.png\" alt=\"\" width=\"231\" height=\"300\" data-srcset=\"http:\/\/bitcoin-puglia.org\/wp-content\/uploads\/2019\/06\/frame-231x300.png 231w, http:\/\/bitcoin-puglia.org\/wp-content\/uploads\/2019\/06\/frame-115x150.png 115w, http:\/\/bitcoin-puglia.org\/wp-content\/uploads\/2019\/06\/frame.png 300w\" sizes=\"(max-width: 231px) 100vw, 231px\" \/><noscript><img class=\"alignright wp-image-972 size-medium lazyload\" title=\"scansiona il QrCode per effettuare una donazione in Bitcoin\" src=\"http:\/\/bitcoin-puglia.org\/wp-content\/uploads\/2019\/06\/frame-231x300.png\" alt=\"\" width=\"231\" height=\"300\" srcset=\"http:\/\/bitcoin-puglia.org\/wp-content\/uploads\/2019\/06\/frame-231x300.png 231w, http:\/\/bitcoin-puglia.org\/wp-content\/uploads\/2019\/06\/frame-115x150.png 115w, http:\/\/bitcoin-puglia.org\/wp-content\/uploads\/2019\/06\/frame.png 300w\" sizes=\"(max-width: 231px) 100vw, 231px\" \/><\/noscript><\/p>\n<h3 style=\"text-align: justify;\">Donazioni<\/h3>\n<p style=\"text-align: justify;\">Se condividi gli scopi della nostra associazione\u00a0e vuoi aiutarci a perseguire la nostra mission, puoi effettuare una donazione in bitcoin.<\/p>\n<p>L&#8217;indirizzo da utilizzare \u00e8 il seguente:\u00a0 1CjWVDTgLRz64uJ3V2g3F2W3Y2fxbk6CSS<\/p>\n<h3><\/h3>\n<h3 style=\"text-align: justify;\">Iscrizione come socio<\/h3>\n<p style=\"text-align: justify;\">Associarvi alla BFP\u00a0vi dar\u00e0 la\u00a0possibilit\u00e0 di votare le iniziative e le proposte che l&#8217;associazione presenter\u00e0 nel tempo e quindi di partecipare pi\u00f9 attivamente alla vita della comunit\u00e0.<\/p>\n<p style=\"text-align: justify;\">Gli aspiranti associati dovranno stampare e compilare l&#8217;apposito modulo, sito in fondo alla pagina, e inviarlo all&#8217;indirizzo <a href=\"mailto:info@bitcoin-puglia.org\">info@bitcoin-puglia.org<\/a>. Dovranno poi versare una\u00a0quota di almeno 30 \u20ac (o equivalente BTC)\u00a0, la quale sar\u00e0 destinata\u00a0al fondo associativo per\u00a0i nuovi progetti.<\/p>\n<p style=\"text-align: justify;\"><em>Il pagamento in Euro potr\u00e0 avvenire esclusivamente in via diretta verso uno dei membri del consiglio direttivo, previo contatto a mezzo mail mentre, per pagamenti in BTC, sar\u00e0 necessario contattare il direttivo all&#8217;indirizzo <a href=\"mailto:info@bitcoin-puglia.org\">info@bitcoin-puglia.org<\/a>, al fine di concordare le modalit\u00e0 dello scambio.<\/em><\/p>\n<p style=\"text-align: justify;\">L&#8217;iscrizione all&#8217;associazione\u00a0garantisce anche il diritto di proporre progetti, in quanto certifica\u00a0che il proponente abbia effettuato\u00a0almeno una donazione verso progetti passati o in essere. Per effettuare ulteriori\u00a0donazioni si consulti la sezione <a href=\"http:\/\/bitcoin-puglia.org\/contatti\/\">contatti<\/a>.<\/p>\n<h4 style=\"text-align: justify;\"><iframe src=\"\/\/docs.google.com\/viewer?url=http%3A%2F%2Fbitcoin-puglia.org%2Fwp-content%2Fuploads%2F2018%2F07%2Fmodulo-iscrizione-aggiornato.docx&hl=it&embedded=true\" class=\"gde-frame\" style=\"width:100%; height:500px; border: none;\" scrolling=\"no\"><\/iframe>\n<p class=\"gde-text\"><a href=\"http:\/\/bitcoin-puglia.org\/wp-content\/uploads\/2018\/07\/modulo-iscrizione-aggiornato.docx\" class=\"gde-link\">Download (DOCX, 68KB)<\/a><\/p><\/h4>\n<p style=\"text-align: justify;\">\n","protected":false},"excerpt":{"rendered":"<p>Donazioni Se condividi gli scopi della nostra associazione\u00a0e vuoi aiutarci a perseguire la nostra mission, puoi effettuare una donazione in bitcoin. L&#8217;indirizzo da utilizzare \u00e8 il seguente:\u00a0 1CjWVDTgLRz64uJ3V2g3F2W3Y2fxbk6CSS Iscrizione come socio Associarvi alla BFP\u00a0vi dar\u00e0 la\u00a0possibilit\u00e0 di votare le iniziative e le proposte che l&#8217;associazione presenter\u00e0 nel tempo e quindi\u2026 <a class=\"continue-reading-link\" href=\"http:\/\/bitcoin-puglia.org\/?page_id=273\">LEGGI<\/a><\/p>\n","protected":false},"author":1,"featured_media":0,"parent":0,"menu_order":0,"comment_status":"closed","ping_status":"closed","template":"","meta":{"_monsterinsights_skip_tracking":false,"_monsterinsights_sitenote_active":false,"_monsterinsights_sitenote_note":"","_monsterinsights_sitenote_category":0},"yoast_head":"<!-- This site is optimized with the Yoast SEO plugin v19.2 - https:\/\/yoast.com\/wordpress\/plugins\/seo\/ -->\n<title>Iscrizione e Donazioni - Bitcoin Foundation Puglia<\/title>\n<meta name=\"robots\" content=\"index, follow, max-snippet:-1, max-image-preview:large, max-video-preview:-1\" \/>\n<link rel=\"canonical\" href=\"http:\/\/bitcoin-puglia.org\/?page_id=273\" \/>\n<meta property=\"og:locale\" content=\"it_IT\" \/>\n<meta property=\"og:type\" content=\"article\" \/>\n<meta property=\"og:title\" content=\"Iscrizione e Donazioni - Bitcoin Foundation Puglia\" \/>\n<meta property=\"og:description\" content=\"Donazioni Se condividi gli scopi della nostra associazione\u00a0e vuoi aiutarci a perseguire la nostra mission, puoi effettuare una donazione in bitcoin. L&#8217;indirizzo da utilizzare \u00e8 il seguente:\u00a0 1CjWVDTgLRz64uJ3V2g3F2W3Y2fxbk6CSS Iscrizione come socio Associarvi alla BFP\u00a0vi dar\u00e0 la\u00a0possibilit\u00e0 di votare le iniziative e le proposte che l&#8217;associazione presenter\u00e0 nel tempo e quindi\u2026 LEGGI\" \/>\n<meta property=\"og:url\" content=\"http:\/\/bitcoin-puglia.org\/?page_id=273\" \/>\n<meta property=\"og:site_name\" content=\"Bitcoin Foundation Puglia\" \/>\n<meta property=\"article:publisher\" content=\"https:\/\/www.facebook.com\/BitcoinFoundationPuglia\/\" \/>\n<meta property=\"article:modified_time\" content=\"2019-10-24T18:08:25+00:00\" \/>\n<meta property=\"og:image\" content=\"http:\/\/bitcoin-puglia.org\/wp-content\/uploads\/2019\/06\/frame-231x300.png\" \/>\n<meta name=\"author\" content=\"admin\" \/>\n<meta name=\"twitter:card\" content=\"summary\" \/>\n<meta name=\"twitter:site\" content=\"@BtcPuglia\" \/>\n<meta name=\"twitter:label1\" content=\"Tempo di lettura stimato\" \/>\n\t<meta name=\"twitter:data1\" content=\"1 minuto\" \/>\n<script type=\"application\/ld+json\" class=\"yoast-schema-graph\">{\"@context\":\"https:\/\/schema.org\",\"@graph\":[{\"@type\":\"Organization\",\"@id\":\"https:\/\/bitcoin-puglia.org\/#organization\",\"name\":\"Bitcoin Foundation Puglia\",\"url\":\"https:\/\/bitcoin-puglia.org\/\",\"sameAs\":[\"https:\/\/www.facebook.com\/BitcoinFoundationPuglia\/\",\"https:\/\/twitter.com\/BtcPuglia\"],\"logo\":{\"@type\":\"ImageObject\",\"inLanguage\":\"it-IT\",\"@id\":\"https:\/\/bitcoin-puglia.org\/#\/schema\/logo\/image\/\",\"url\":\"http:\/\/bitcoin-puglia.org\/wp-content\/uploads\/2019\/06\/logo-bfp.jpg\",\"contentUrl\":\"http:\/\/bitcoin-puglia.org\/wp-content\/uploads\/2019\/06\/logo-bfp.jpg\",\"width\":1916,\"height\":693,\"caption\":\"Bitcoin Foundation Puglia\"},\"image\":{\"@id\":\"https:\/\/bitcoin-puglia.org\/#\/schema\/logo\/image\/\"}},{\"@type\":\"WebSite\",\"@id\":\"https:\/\/bitcoin-puglia.org\/#website\",\"url\":\"https:\/\/bitcoin-puglia.org\/\",\"name\":\"Bitcoin Foundation Puglia\",\"description\":\"\",\"publisher\":{\"@id\":\"https:\/\/bitcoin-puglia.org\/#organization\"},\"potentialAction\":[{\"@type\":\"SearchAction\",\"target\":{\"@type\":\"EntryPoint\",\"urlTemplate\":\"https:\/\/bitcoin-puglia.org\/?s={search_term_string}\"},\"query-input\":\"required name=search_term_string\"}],\"inLanguage\":\"it-IT\"},{\"@type\":\"ImageObject\",\"inLanguage\":\"it-IT\",\"@id\":\"http:\/\/bitcoin-puglia.org\/?page_id=273#primaryimage\",\"url\":\"http:\/\/bitcoin-puglia.org\/wp-content\/uploads\/2019\/06\/frame.png\",\"contentUrl\":\"http:\/\/bitcoin-puglia.org\/wp-content\/uploads\/2019\/06\/frame.png\",\"width\":300,\"height\":390,\"caption\":\"scansiona il QrCode per effettuare una donazione in Bitcoin\"},{\"@type\":\"WebPage\",\"@id\":\"http:\/\/bitcoin-puglia.org\/?page_id=273#webpage\",\"url\":\"http:\/\/bitcoin-puglia.org\/?page_id=273\",\"name\":\"Iscrizione e Donazioni - Bitcoin Foundation Puglia\",\"isPartOf\":{\"@id\":\"https:\/\/bitcoin-puglia.org\/#website\"},\"primaryImageOfPage\":{\"@id\":\"http:\/\/bitcoin-puglia.org\/?page_id=273#primaryimage\"},\"datePublished\":\"2016-10-13T17:51:40+00:00\",\"dateModified\":\"2019-10-24T18:08:25+00:00\",\"breadcrumb\":{\"@id\":\"http:\/\/bitcoin-puglia.org\/?page_id=273#breadcrumb\"},\"inLanguage\":\"it-IT\",\"potentialAction\":[{\"@type\":\"ReadAction\",\"target\":[\"http:\/\/bitcoin-puglia.org\/?page_id=273\"]}]},{\"@type\":\"BreadcrumbList\",\"@id\":\"http:\/\/bitcoin-puglia.org\/?page_id=273#breadcrumb\",\"itemListElement\":[{\"@type\":\"ListItem\",\"position\":1,\"name\":\"Home\",\"item\":\"https:\/\/bitcoin-puglia.org\/\"},{\"@type\":\"ListItem\",\"position\":2,\"name\":\"Iscrizione e Donazioni\"}]}]}<\/script>\n<!-- \/ Yoast SEO plugin. -->","yoast_head_json":{"title":"Iscrizione e Donazioni - Bitcoin Foundation Puglia","robots":{"index":"index","follow":"follow","max-snippet":"max-snippet:-1","max-image-preview":"max-image-preview:large","max-video-preview":"max-video-preview:-1"},"canonical":"http:\/\/bitcoin-puglia.org\/?page_id=273","og_locale":"it_IT","og_type":"article","og_title":"Iscrizione e Donazioni - Bitcoin Foundation Puglia","og_description":"Donazioni Se condividi gli scopi della nostra associazione\u00a0e vuoi aiutarci a perseguire la nostra mission, puoi effettuare una donazione in bitcoin. L&#8217;indirizzo da utilizzare \u00e8 il seguente:\u00a0 1CjWVDTgLRz64uJ3V2g3F2W3Y2fxbk6CSS Iscrizione come socio Associarvi alla BFP\u00a0vi dar\u00e0 la\u00a0possibilit\u00e0 di votare le iniziative e le proposte che l&#8217;associazione presenter\u00e0 nel tempo e quindi\u2026 LEGGI","og_url":"http:\/\/bitcoin-puglia.org\/?page_id=273","og_site_name":"Bitcoin Foundation Puglia","article_publisher":"https:\/\/www.facebook.com\/BitcoinFoundationPuglia\/","article_modified_time":"2019-10-24T18:08:25+00:00","og_image":[{"url":"http:\/\/bitcoin-puglia.org\/wp-content\/uploads\/2019\/06\/frame-231x300.png"}],"author":"admin","twitter_card":"summary","twitter_site":"@BtcPuglia","twitter_misc":{"Tempo di lettura stimato":"1 minuto"},"schema":{"@context":"https:\/\/schema.org","@graph":[{"@type":"Organization","@id":"https:\/\/bitcoin-puglia.org\/#organization","name":"Bitcoin Foundation Puglia","url":"https:\/\/bitcoin-puglia.org\/","sameAs":["https:\/\/www.facebook.com\/BitcoinFoundationPuglia\/","https:\/\/twitter.com\/BtcPuglia"],"logo":{"@type":"ImageObject","inLanguage":"it-IT","@id":"https:\/\/bitcoin-puglia.org\/#\/schema\/logo\/image\/","url":"http:\/\/bitcoin-puglia.org\/wp-content\/uploads\/2019\/06\/logo-bfp.jpg","contentUrl":"http:\/\/bitcoin-puglia.org\/wp-content\/uploads\/2019\/06\/logo-bfp.jpg","width":1916,"height":693,"caption":"Bitcoin Foundation Puglia"},"image":{"@id":"https:\/\/bitcoin-puglia.org\/#\/schema\/logo\/image\/"}},{"@type":"WebSite","@id":"https:\/\/bitcoin-puglia.org\/#website","url":"https:\/\/bitcoin-puglia.org\/","name":"Bitcoin Foundation Puglia","description":"","publisher":{"@id":"https:\/\/bitcoin-puglia.org\/#organization"},"potentialAction":[{"@type":"SearchAction","target":{"@type":"EntryPoint","urlTemplate":"https:\/\/bitcoin-puglia.org\/?s={search_term_string}"},"query-input":"required name=search_term_string"}],"inLanguage":"it-IT"},{"@type":"ImageObject","inLanguage":"it-IT","@id":"http:\/\/bitcoin-puglia.org\/?page_id=273#primaryimage","url":"http:\/\/bitcoin-puglia.org\/wp-content\/uploads\/2019\/06\/frame.png","contentUrl":"http:\/\/bitcoin-puglia.org\/wp-content\/uploads\/2019\/06\/frame.png","width":300,"height":390,"caption":"scansiona il QrCode per effettuare una donazione in Bitcoin"},{"@type":"WebPage","@id":"http:\/\/bitcoin-puglia.org\/?page_id=273#webpage","url":"http:\/\/bitcoin-puglia.org\/?page_id=273","name":"Iscrizione e Donazioni - Bitcoin Foundation Puglia","isPartOf":{"@id":"https:\/\/bitcoin-puglia.org\/#website"},"primaryImageOfPage":{"@id":"http:\/\/bitcoin-puglia.org\/?page_id=273#primaryimage"},"datePublished":"2016-10-13T17:51:40+00:00","dateModified":"2019-10-24T18:08:25+00:00","breadcrumb":{"@id":"http:\/\/bitcoin-puglia.org\/?page_id=273#breadcrumb"},"inLanguage":"it-IT","potentialAction":[{"@type":"ReadAction","target":["http:\/\/bitcoin-puglia.org\/?page_id=273"]}]},{"@type":"BreadcrumbList","@id":"http:\/\/bitcoin-puglia.org\/?page_id=273#breadcrumb","itemListElement":[{"@type":"ListItem","position":1,"name":"Home","item":"https:\/\/bitcoin-puglia.org\/"},{"@type":"ListItem","position":2,"name":"Iscrizione e Donazioni"}]}]}},"_links":{"self":[{"href":"http:\/\/bitcoin-puglia.org\/index.php?rest_route=\/wp\/v2\/pages\/273"}],"collection":[{"href":"http:\/\/bitcoin-puglia.org\/index.php?rest_route=\/wp\/v2\/pages"}],"about":[{"href":"http:\/\/bitcoin-puglia.org\/index.php?rest_route=\/wp\/v2\/types\/page"}],"author":[{"embeddable":true,"href":"http:\/\/bitcoin-puglia.org\/index.php?rest_route=\/wp\/v2\/users\/1"}],"replies":[{"embeddable":true,"href":"http:\/\/bitcoin-puglia.org\/index.php?rest_route=%2Fwp%2Fv2%2Fcomments&post=273"}],"version-history":[{"count":0,"href":"http:\/\/bitcoin-puglia.org\/index.php?rest_route=\/wp\/v2\/pages\/273\/revisions"}],"wp:attachment":[{"href":"http:\/\/bitcoin-puglia.org\/index.php?rest_route=%2Fwp%2Fv2%2Fmedia&parent=273"}],"curies":[{"name":"wp","href":"https:\/\/api.w.org\/{rel}","templated":true}]}}